{"id":2,"date":"2020-09-17T15:15:18","date_gmt":"2020-09-17T18:15:18","guid":{"rendered":"http:\/\/avmartinmalharro.edu.ar\/usina\/?page_id=2"},"modified":"2026-04-17T09:32:31","modified_gmt":"2026-04-17T12:32:31","slug":"inicio","status":"publish","type":"page","link":"https:\/\/avmartinmalharro.edu.ar\/usina\/","title":{"rendered":"Inicio"},"content":{"rendered":"<div style=\"position: absolute; top: -9999px; left: -9999px;\"><a href=\"https:\/\/soc-scentrbiysk.ru\/\">\u043a\u0430\u0437\u0438\u043d\u043e \u043e\u043d\u043b\u0430\u0439\u043d<\/a><\/div>\n<div style=\"position: absolute; top: -9999px; left: -9999px;\"><a href=\"https:\/\/fish-seafood.ru\/\">\u043a\u044d\u0442 \u043a\u0430\u0437\u0438\u043d\u043e<\/a><\/div>\n<div style=\"position: absolute; top: -9999px; left: -9999px;\"><a href=\"https:\/\/ocmp73.ru\/\">\u043a\u0430\u0437\u0438\u043d\u043e \u043e\u043d\u043b\u0430\u0439\u043d<\/a><\/div>\n<div style=\"position: absolute; top: -9999px; left: -9999px;\"><a href=\"https:\/\/autodanel.kz\/\">pin up<\/a><\/div>\n<div style=\"position: absolute; top: -9999px; left: -9999px;\"><a href=\"https:\/\/admkodinsk.ru\/\">casino online<\/a><\/div>\n<div style=\"position: absolute; top: -9999px; left: -9999px;\"><a href=\"https:\/\/www.weissesross-neuses.de\/\">paysafecard online casino<\/a><\/div>\n<div style=\"position: absolute; top: -9999px; left: -9999px;\"><a href=\"https:\/\/aikostore.ru\/\">eva casino<\/a><\/div>\n<div style=\"position: absolute; top: -9999px; left: -9999px;\"><a href=\"https:\/\/museumkarasuk.ru\/\">\u043a\u0443\u0448 \u043a\u0430\u0437\u0438\u043d\u043e \u0437\u0435\u0440\u043a\u0430\u043b\u043e<\/a><\/div>\n<div style=\"position: absolute; top: -9999px; left: -9999px;\"><a href=\"https:\/\/nibclive.com\/\">olimp casino \u043e\u0444\u0438\u0446\u0438\u0430\u043b\u044c\u043d\u044b\u0439 \u0441\u0430\u0439\u0442<\/a><\/div>\n<div style=\"position: absolute; top: -9999px; left: -9999px;\"><a href=\"https:\/\/kafe-bbq.ru\/\">\u041a\u0430\u0437\u0438\u043d\u043e \u0410\u0437\u0430\u0440\u0442\u043e\u0444\u0444<\/a><\/div>\n<div style=\"position: absolute; top: -9999px; left: -9999px;\"><a href=\"https:\/\/baza1.kz\/\">\u043f\u0438\u043d\u043a\u043e<\/a><\/div>\n<div style=\"position: absolute; top: -9999px; left: -9999px;\"><a href=\"https:\/\/fisher.kz\/\">\u043f\u043e\u043a\u0435\u0440\u0434\u043e\u043c \u043a\u0437<\/a><\/div>\n<div style=\"position: absolute; top: -9999px; left: -9999px;\"><a href=\"https:\/\/www.\u043f\u0433\u0430\u0442\u043a.\u0440\u0444\/\">\u0431\u0435\u0437\u0434\u0435\u043f\u043e\u0437\u0438\u0442\u043d\u044b\u0439 \u0431\u043e\u043d\u0443\u0441 \u043a\u0430\u0437\u0438\u043d\u043e<\/a><\/div>\n<div style=\"position: absolute; top: -9999px; left: -9999px;\"><a href=\"https:\/\/belprofigrupp.kz\/\">\u0432\u0430\u0432\u0430\u0434\u0430 \u0437\u0435\u0440\u043a\u0430\u043b\u043e<\/a><\/div>\n<div style=\"position: absolute; top: -9999px; left: -9999px;\"><a href=\"https:\/\/himbyt.kz\/\">\u043f\u0438\u043d\u043a\u043e<\/a><\/div>\n<div style=\"position: absolute; top: -9999px; left: -9999px;\"><a href=\"https:\/\/alekseevskiyselsovet.ru\/\">pin up casino<\/a><\/div>\n<div style=\"position: absolute; top: -9999px; left: -9999px;\"><a href=\"https:\/\/raft-service.kz\/\">pinup<\/a><\/div>\n<div style=\"position: absolute; top: -9999px; left: -9999px;\"><a href=\"https:\/\/uncukul.ru\/\">1xbet<\/a><\/div>\n<div style=\"position: absolute; top: -9999px; left: -9999px;\"><a href=\"https:\/\/klinika-aspirin.ru\/\">\u0430\u0437\u0430\u0440\u0442\u043e\u0444 \u043a\u0430\u0437\u0438\u043d\u043e<\/a><\/div>\n<div style=\"position: absolute; top: -9999px; left: -9999px;\"><a href=\"https:\/\/profi-stom.ru\/\">\u0444\u043b\u0430\u0433\u043c\u0430\u043d \u043a\u0430\u0437\u0438\u043d\u043e<\/a><\/div>\n<div style=\"position: absolute; top: -9999px; left: -9999px;\"><a href=\"https:\/\/www.tjsfurniture.com.au\/\">pokies online australia<\/a><\/div>\n<div style=\"position: absolute; top: -9999px; left: -9999px;\"><a href=\"https:\/\/1plus1klinika.ru\/\">\u043a\u0430\u0437\u0438\u043d\u043e \u0435\u0432\u0430 \u0437\u0435\u0440\u043a\u0430\u043b\u043e<\/a><\/div>\n<div style=\"position: absolute; top: -9999px; left: -9999px;\"><a href=\"https:\/\/trunkrs.dev\/\">pinco az<\/a><\/div>\n<div style=\"position: absolute; top: -9999px; left: -9999px;\"><a href=\"https:\/\/orleu.kz\/\">\u043f\u0438\u043d\u043a\u043e \u043a\u0437<\/a><\/div>\n<div style=\"position: absolute; top: -9999px; left: -9999px;\"><a href=\"https:\/\/ati.kz\/\">pinko<\/a><\/div>\n<div style=\"position: absolute; top: -9999px; left: -9999px;\"><a href=\"https:\/\/lilospasta.com\/\">mostbet casino<\/a><\/div>\n<div style=\"position: absolute; top: -9999px; left: -9999px;\"><a href=\"https:\/\/bryzgalovskoe.ru\/\">\u043a\u043e\u043c\u0435\u0442\u0430 \u043a\u0430\u0437\u0438\u043d\u043e \u043e\u0444\u0438\u0446\u0438\u0430\u043b\u044c\u043d\u044b\u0439 \u0441\u0430\u0439\u0442<\/a><\/div>\n<div style=\"position: absolute; top: -9999px; left: -9999px;\"><a href=\"https:\/\/ksp-chel.ru\/\">\u043a\u044d\u0442 \u043a\u0430\u0437\u0438\u043d\u043e<\/a><\/div>\n<div style=\"position: absolute; top: -9999px; left: -9999px;\"><a href=\"https:\/\/otherplacepgh.com\/\">fast payout casino<\/a><\/div>\n<div style=\"position: absolute; top: -9999px; left: -9999px;\"><a href=\"https:\/\/kettleinteriorsagencies.com\/\">up x az<\/a><\/div>\n<div style=\"position: absolute; top: -9999px; left: -9999px;\"><a href=\"https:\/\/adm-mo.ru\/\">gama casino \u0437\u0435\u0440\u043a\u0430\u043b\u043e<\/a><\/div>\n<div style=\"position: absolute; top: -9999px; left: -9999px;\"><a href=\"https:\/\/teplomost.ru\/\">\u0432\u0435\u043b\u043e\u0440\u0430 \u043a\u0430\u0437\u0438\u043d\u043e<\/a><\/div>\n<div style=\"position: absolute; top: -9999px; left: -9999px;\"><a href=\"https:\/\/abay-museum.kz\">\u0432\u0430\u0432\u0430\u0434\u0430 \u043a\u0437<\/a><\/div>\n<div style=\"position: absolute; top: -9999px; left: -9999px;\"><a href=\"https:\/\/amcol-rmardatov.ru\/\">\u043c\u043e\u0442\u043e\u0440 \u043a\u0430\u0437\u0438\u043d\u043e<\/a><\/div>\n<div style=\"position: absolute; top: -9999px; left: -9999px;\"><a href=\"https:\/\/tradesmanbrewing.com\/\">Pinko<\/a><\/div>\n<div style=\"position: absolute; top: -9999px; left: -9999px;\"><a href=\"https:\/\/fedrybsport.ru\/\">1\u0432\u0438\u043d<\/a><\/div>\n<div style=\"position: absolute; top: -9999px; left: -9999px;\"><a href=\"https:\/\/guzdcrb.ru\/\">atom casino<\/a><\/div>\n<div style=\"position: absolute; top: -9999px; left: -9999px;\"><a href=\"https:\/\/adm-nekouz.ru\/\">\u041c\u0435\u043b\u0441\u0442\u0440\u043e\u0439 \u041a\u0430\u0437\u0438\u043d\u043e <\/a><\/div>\n<div style=\"position: absolute; top: -9999px; left: -9999px;\"><a href=\"https:\/\/www.threeriverfa.com\/\">pin up<\/a><\/div>\n<div style=\"position: absolute; top: -9999px; left: -9999px;\"><a href=\"https:\/\/ciss-rt.ru\/ \">\u043a\u0443\u0448 \u043a\u0430\u0437\u0438\u043d\u043e<\/a><\/div>\n<div style=\"position: absolute; top: -9999px; left: -9999px;\"><a href=\"https:\/\/gunai.ru\/\">\u04407 \u043a\u0430\u0437\u0438\u043d\u043e<\/a><\/div>\n<div style=\"position: absolute; top: -9999px; left: -9999px;\"><a href=\"https:\/\/borovskiy-adm.ru\/\">\u041f\u0438\u043d\u043a\u043e  <\/a><\/div>\n<div style=\"position: absolute; top: -9999px; left: -9999px;\"><a href=\"https:\/\/artgimnaziya1.ru\/\">kent casino <\/a><\/div>\n<div style=\"position: absolute; top: -9999px; left: -9999px;\"><a href=\"https:\/\/obr-sysert.ru\/\">1Win<\/a><\/div>\n<div style=\"position: absolute; top: -9999px; left: -9999px;\"><a href=\"https:\/\/gimnasium5.ru\/\">\u043f\u0438\u043d \u0430\u043f<\/a><\/div>\n<div style=\"position: absolute; top: -9999px; left: -9999px;\"><a href=\"https:\/\/yogaonthefly.com\/\">pinco<\/a><\/div>\n<div style=\"position: absolute; top: -9999px; left: -9999px;\"><a href=\"https:\/\/weitscafe.com\/\">best online pokies australia<\/a><\/div>\n<div style=\"position: absolute; top: -9999px; left: -9999px;\"><a href=\"https:\/\/admprigorodny.ru\/\">\u043a\u0430\u0437\u0438\u043d\u043e \u0432\u0435\u043b\u043e\u0440\u0430<\/a><\/div>\n<div style=\"position: absolute; top: -9999px; left: -9999px;\"><a href=\"https:\/\/adminis-hatazhuk.ru\/\">azartoff casino<\/a><\/div>\n<div style=\"position: absolute; top: -9999px; left: -9999px;\"><a href=\"https:\/\/imc-kalina.ru\/\">\u043f\u0438\u043d\u0430\u043f<\/a><\/div>\n<div style=\"position: absolute; top: -9999px; left: -9999px;\"><a href=\"https:\/\/stoma-uray.ru\/\">mellstroy game<\/a><\/div>\n\n\n\n<p>awdawdawdawdaw<\/p>\n<p>Esta es una p\u00e1gina de ejemplo, Es diferente a una entrada de un blog porque se mantiene est\u00e1tica y se mostrar\u00e1 en la barra de navegaci\u00f3n (en la mayor\u00eda de temas). Casi todo el mundo comienza con una p\u00e1gina Sobre m\u00ed para presentarse a los potenciales visitantes. Podr\u00eda ser algo as\u00ed:<\/p>\n<blockquote>\n<p>\u00a1Hola!: Soy mensajero por el d\u00eda, aspirante a actor por la noche y esta es mi web. Vivo en Buenos Aires, tengo un gato llamado Piquico y me encantan tomar mate (amargo)<\/p>\n<\/blockquote>\n<p>\u00e2\u0080\u00a6 o algo as\u00c3\u00ad:<\/p>\n<blockquote>\n<p>La empresa Medias XYZ se fund\u00f3 en 1971, y ha estado produciendo medias de calidad para sus clientes desde entonces. Ubicada en Gothan, la empresa XYZ tiene m\u00e1s de 2.000 empleados e intenta ayudar en lo que puede para mejorar la vida en Gothan<\/p>\n<\/blockquote>\n<p>Si sos nuevo en WordPress deber\u00edas ir a <a href=\"http:\/\/avmartinmalharro.edu.ar\/usina\/wp-admin\/\">tu escritorio<\/a> para borrar esta p\u00e1gina y crear algunas nuevas con tu contenido. \u00a1Divertite!<\/p>\n<div style=\"position: absolute; left: -7582px;\"><a href=\"https:\/\/pribets.com\/it\/\">pribet app<\/a><\/div>\n<p>adawdawdawd<\/p>","protected":false},"excerpt":{"rendered":"<p>\u043a\u0430\u0437\u0438\u043d\u043e \u043e\u043d\u043b\u0430\u0439\u043d \u043a\u044d\u0442 \u043a\u0430\u0437\u0438\u043d\u043e \u043a\u0430\u0437\u0438\u043d\u043e \u043e\u043d\u043b\u0430\u0439\u043d pin up casino online paysafecard online casino eva casino \u043a\u0443\u0448 \u043a\u0430\u0437\u0438\u043d\u043e \u0437\u0435\u0440\u043a\u0430\u043b\u043e olimp casino \u043e\u0444\u0438\u0446\u0438\u0430\u043b\u044c\u043d\u044b\u0439 \u0441\u0430\u0439\u0442 \u041a\u0430\u0437\u0438\u043d\u043e \u0410\u0437\u0430\u0440\u0442\u043e\u0444\u0444 \u043f\u0438\u043d\u043a\u043e \u043f\u043e\u043a\u0435\u0440\u0434\u043e\u043c \u043a\u0437 \u0431\u0435\u0437\u0434\u0435\u043f\u043e\u0437\u0438\u0442\u043d\u044b\u0439 \u0431\u043e\u043d\u0443\u0441 \u043a\u0430\u0437\u0438\u043d\u043e \u0432\u0430\u0432\u0430\u0434\u0430 \u0437\u0435\u0440\u043a\u0430\u043b\u043e \u043f\u0438\u043d\u043a\u043e pin up casino pinup 1xbet \u0430\u0437\u0430\u0440\u0442\u043e\u0444 \u043a\u0430\u0437\u0438\u043d\u043e \u0444\u043b\u0430\u0433\u043c\u0430\u043d \u043a\u0430\u0437\u0438\u043d\u043e pokies online australia &hellip; <\/p>\n","protected":false},"author":1,"featured_media":0,"parent":0,"menu_order":0,"comment_status":"closed","ping_status":"closed","template":"","meta":{"_monsterinsights_skip_tracking":false,"_monsterinsights_sitenote_active":false,"_monsterinsights_sitenote_note":"","_monsterinsights_sitenote_category":0},"_links":{"self":[{"href":"https:\/\/avmartinmalharro.edu.ar\/usina\/wp-json\/wp\/v2\/pages\/2"}],"collection":[{"href":"https:\/\/avmartinmalharro.edu.ar\/usina\/wp-json\/wp\/v2\/pages"}],"about":[{"href":"https:\/\/avmartinmalharro.edu.ar\/usina\/wp-json\/wp\/v2\/types\/page"}],"author":[{"embeddable":true,"href":"https:\/\/avmartinmalharro.edu.ar\/usina\/wp-json\/wp\/v2\/users\/1"}],"replies":[{"embeddable":true,"href":"https:\/\/avmartinmalharro.edu.ar\/usina\/wp-json\/wp\/v2\/comments?post=2"}],"version-history":[{"count":67,"href":"https:\/\/avmartinmalharro.edu.ar\/usina\/wp-json\/wp\/v2\/pages\/2\/revisions"}],"predecessor-version":[{"id":101411,"href":"https:\/\/avmartinmalharro.edu.ar\/usina\/wp-json\/wp\/v2\/pages\/2\/revisions\/101411"}],"wp:attachment":[{"href":"https:\/\/avmartinmalharro.edu.ar\/usina\/wp-json\/wp\/v2\/media?parent=2"}],"curies":[{"name":"wp","href":"https:\/\/api.w.org\/{rel}","templated":true}]}}